{"id":76,"date":"2014-02-19T09:46:27","date_gmt":"2014-02-19T08:46:27","guid":{"rendered":"http:\/\/jugend.mvfichtenberg.de\/?page_id=76"},"modified":"2026-04-01T13:45:33","modified_gmt":"2026-04-01T11:45:33","slug":"ueber-uns","status":"publish","type":"page","link":"http:\/\/jugend.mvfichtenberg.de\/?page_id=76","title":{"rendered":"\u00dcber uns"},"content":{"rendered":"<div class=\"fcbkbttn_buttons_block\" id=\"fcbkbttn_middle\"><div class=\"fb-share-button  \" data-href=\"http:\/\/jugend.mvfichtenberg.de\/?page_id=76\" data-type=\"button\" data-size=\"small\"><\/div><\/div><p style=\"text-align: center;\"><span style=\"font-size: large;\">Wir sind die Jugend &#8211; Abteilung des Musikverein Fichtenberg e. V.<a href=\"http:\/\/jugend.mvfichtenberg.de\/wp-content\/uploads\/2026\/04\/IMG-20251116-WA0118.jpg\"><img loading=\"lazy\" decoding=\"async\" class=\"aligncenter size-large wp-image-6431\" src=\"http:\/\/jugend.mvfichtenberg.de\/wp-content\/uploads\/2026\/04\/IMG-20251116-WA0118-1024x682.jpg\" alt=\"\" width=\"530\" height=\"353\" srcset=\"http:\/\/jugend.mvfichtenberg.de\/wp-content\/uploads\/2026\/04\/IMG-20251116-WA0118-1024x682.jpg 1024w, http:\/\/jugend.mvfichtenberg.de\/wp-content\/uploads\/2026\/04\/IMG-20251116-WA0118-300x200.jpg 300w, http:\/\/jugend.mvfichtenberg.de\/wp-content\/uploads\/2026\/04\/IMG-20251116-WA0118-768x512.jpg 768w, http:\/\/jugend.mvfichtenberg.de\/wp-content\/uploads\/2026\/04\/IMG-20251116-WA0118-1536x1023.jpg 1536w, http:\/\/jugend.mvfichtenberg.de\/wp-content\/uploads\/2026\/04\/IMG-20251116-WA0118.jpg 1600w\" sizes=\"auto, (max-width: 530px) 100vw, 530px\" \/><\/a><\/span><span style=\"font-size: 15px; font-weight: 300; text-align: center;\">Wir treffen uns jeden Mittwoch von 18:30 &#8211; 19:45 Uhr (au\u00dfer in den Schulferien) im Proberaum des Musikverein Fichtenberg e. V. (Feuerwehrger\u00e4tehaus Fichtenberg) und lernen unsere St\u00fccke, die wir bei unseren Auftritten vorspielen.<\/span><\/p>\n<p style=\"text-align: center;\">Unsere Besetzung:<br \/><strong>Querfl\u00f6te: <\/strong>Anna-Lena, Souri, Nele, Emma, Julia und Giglia<br \/><strong>Klarinette:<\/strong> Olivia, Linda, Ella-Marie, Lisa, Kira, Anne und Janina<br \/><strong>Saxophon: <\/strong>Daniel, Eva und Emma<br \/><strong>Trompete: <\/strong>Julius, Korbinian und Robin<br \/><strong>Posaune:<\/strong> Elia<br \/><strong>Tuba: <\/strong>David<br \/><strong>Tenorhorn:<\/strong> G\u00fcnther<br \/><strong>Horn:<\/strong> Esra<br \/><strong>Schlagzeug: <\/strong>Santino und Maximilian<br \/><strong>Dirigent: <\/strong>Uwe<\/p>\n<p style=\"text-align: center;\">Denn das Musizieren in einem Verein ist nicht nur eine sinnvolle Freizeitbesch\u00e4ftigung, sondern f\u00f6rdert auch die Konzentrationsf\u00e4higkeit der Jugendlichen.<\/p>\n<p style=\"text-align: center;\">Au\u00dferdem erf\u00fcllt es eine erzieherische Funktion, weil die Jungen und M\u00e4dchen lernen, sich verantwortungsbewusst in eine Gemeinschaft einzuordnen.<\/p>\n\n\n<p><\/p>\n","protected":false},"excerpt":{"rendered":"<p>Wir sind die Jugend &#8211; Abteilung des Musikverein Fichtenberg e. V.Wir treffen uns jeden Mittwoch von 18:30 &#8211; 19:45 Uhr (au\u00dfer in den Schulferien) im Proberaum des Musikverein Fichtenberg e. V. (Feuerwehrger\u00e4tehaus Fichtenberg) und lernen unsere St\u00fccke, die wir bei <a class=\"more-link\" href=\"http:\/\/jugend.mvfichtenberg.de\/?page_id=76\">weiterlesen  <span class=\"screen-reader-text\">  \u00dcber uns<\/span><span class=\"meta-nav\">&rarr;<\/span><\/a><\/p>\n","protected":false},"author":1,"featured_media":0,"parent":0,"menu_order":0,"comment_status":"open","ping_status":"closed","template":"","meta":{"ngg_post_thumbnail":0,"footnotes":""},"class_list":["post-76","page","type-page","status-publish","hentry"],"_links":{"self":[{"href":"http:\/\/jugend.mvfichtenberg.de\/index.php?rest_route=\/wp\/v2\/pages\/76","targetHints":{"allow":["GET"]}}],"collection":[{"href":"http:\/\/jugend.mvfichtenberg.de\/index.php?rest_route=\/wp\/v2\/pages"}],"about":[{"href":"http:\/\/jugend.mvfichtenberg.de\/index.php?rest_route=\/wp\/v2\/types\/page"}],"author":[{"embeddable":true,"href":"http:\/\/jugend.mvfichtenberg.de\/index.php?rest_route=\/wp\/v2\/users\/1"}],"replies":[{"embeddable":true,"href":"http:\/\/jugend.mvfichtenberg.de\/index.php?rest_route=%2Fwp%2Fv2%2Fcomments&post=76"}],"version-history":[{"count":13,"href":"http:\/\/jugend.mvfichtenberg.de\/index.php?rest_route=\/wp\/v2\/pages\/76\/revisions"}],"predecessor-version":[{"id":6434,"href":"http:\/\/jugend.mvfichtenberg.de\/index.php?rest_route=\/wp\/v2\/pages\/76\/revisions\/6434"}],"wp:attachment":[{"href":"http:\/\/jugend.mvfichtenberg.de\/index.php?rest_route=%2Fwp%2Fv2%2Fmedia&parent=76"}],"curies":[{"name":"wp","href":"https:\/\/api.w.org\/{rel}","templated":true}]}}